{"id":102,"date":"2023-01-17T17:04:37","date_gmt":"2023-01-17T17:04:37","guid":{"rendered":"https:\/\/www.finnzydeco.fi\/?page_id=102"},"modified":"2026-04-13T14:18:14","modified_gmt":"2026-04-13T14:18:14","slug":"keikat","status":"publish","type":"page","link":"https:\/\/www.finnzydeco.fi\/index.php\/keikat\/","title":{"rendered":"KEIKAT"},"content":{"rendered":"\n<p class=\"has-vivid-red-color has-text-color has-medium-font-size\" style=\"font-style:normal;font-weight:600\"><strong>202<\/strong>6<\/p>\n\n\n\n<p><strong>31.01.2026 &#8211; Paapan Kapakka, TAMPERE<\/strong><\/p>\n\n\n\n<p><strong>06.02.2026 &#8211; Paapan Kapakka, TAMPERE<\/strong><\/p>\n\n\n\n<p><strong>13.03.2026 &#8211; Privat Party, TAMPERE<\/strong><\/p>\n\n\n\n<p><strong>20.03.2026 &#8211; Paapan Kapakka, TAMPERE<\/strong><\/p>\n\n\n\n<p><strong>05.04.2026 &#8211; Hard Rock House- Sunday Night Music Club, HELSINKI<\/strong><\/p>\n\n\n\n<p><strong>24.04.2026 &#8211; Paapan Kapakka, TAMPERE<\/strong><\/p>\n\n\n\n<p><strong>30.04.2026 &#8211; Raudaskoski &amp; Helin Roots! &#8211; Toivolansaari Camping, IKAALINEN<\/strong><\/p>\n\n\n\n<p><strong>16.05.2026 &#8211; Paapan Kapakka, TAMPERE<\/strong><\/p>\n\n\n\n<p><strong>06.06.2025 &#8211; Pete&#8217;s Pub, KYR\u00d6SKOSKI<\/strong><\/p>\n\n\n\n<p><strong>11.07.2026 &#8211; Talo Rannalla, IKAALINEN<\/strong><\/p>\n\n\n\n<p><strong>18.07.2026 &#8211; Cafe Jokiranta, V\u00c4\u00c4KSY<\/strong><\/p>\n\n\n\n<p><strong>22.08.2026 &#8211; Seuratalo, VAMMALA<\/strong> <\/p>\n\n\n\n<p><\/p>\n\n\n\n<p><\/p>\n\n\n\n<p><mark style=\"background-color:rgba(0, 0, 0, 0)\" class=\"has-inline-color has-vivid-red-color\"><strong> <\/strong><\/mark><\/p>\n\n\n\n<p><\/p>\n\n\n\n<p class=\"has-vivid-red-color has-text-color has-medium-font-size\" style=\"font-style:normal;font-weight:600\"><strong>202<\/strong>5<\/p>\n\n\n\n<p><strong>07.02.2025 &#8211; Paapan Kapakka, TAMPERE<\/strong><\/p>\n\n\n\n<p><strong>08.03.2025 &#8211; Paapan Kapakka, TAMPERE<\/strong><\/p>\n\n\n\n<p><strong>24.05.2025 &#8211; Pete&#8217;s Pub, KYR\u00d6SKOSKI<\/strong><\/p>\n\n\n\n<p><strong>14.06.2025 &#8211; Raudaskoski &#8211; Helin Roots!  @&nbsp; Pahis Grilli, Tampere<\/strong><\/p>\n\n\n\n<p><strong>27.06.2025 &#8211; Paapan Kapakka, TAMPERE<\/strong><\/p>\n\n\n\n<p><strong>28.06.2025 &#8211; Kiikoisten Purpurit, KIIKOINEN  <\/strong><\/p>\n\n\n\n<p><strong>11.07.2025 &#8211; Juttutupa,  HELSINKI<\/strong><\/p>\n\n\n\n<p><strong>25.07.2025 &#8211; Immil\u00e4n Myllyjazz, NASTOLA<\/strong><\/p>\n\n\n\n<p><strong>02.08.2025 &#8211; Paapan Kapakka, TAMPERE<\/strong><\/p>\n\n\n\n<p><strong>06.09.2025 &#8211; Paapan Kapakka, TAMPERE<\/strong><\/p>\n\n\n\n<p><strong>11.10.2025 &#8211; Paapan Kapakka, TAMPERE<\/strong><\/p>\n\n\n\n<p><strong>21.11.2025 &#8211; Paapan Kapakka, TAMPERE<\/strong><\/p>\n\n\n\n<p><\/p>\n\n\n\n<p><\/p>\n\n\n\n<p class=\"has-vivid-red-color has-text-color has-medium-font-size\" style=\"font-style:normal;font-weight:600\"><strong>202<\/strong>4<\/p>\n\n\n\n<p><strong>13.01.2024 &#8211; Paapan Kapakka, TAMPERE<\/strong><\/p>\n\n\n\n<p><strong>19.01.2024 &#8211; Storyville,<\/strong>  <strong>HELSINKI<\/strong><\/p>\n\n\n\n<p><strong>16.02.2024 &#8211; Paapan Kapakka, TAMPERE<\/strong><\/p>\n\n\n\n<p><strong>17.02.2024 &#8211; Talviharmonikka, KOKKOLA<\/strong><\/p>\n\n\n\n<p><strong>23.02.2024 &#8211; Kyl\u00e4talo Lehtopirtti, SINETT\u00c4<\/strong><\/p>\n\n\n\n<p><strong>24.02.2024 &#8211; Hemingway\u00b4s, ROVANIEMI<\/strong><\/p>\n\n\n\n<p><strong>08.03.2024 &#8211; Yksityistilaisuus, KYR\u00d6SKOSKI<\/strong><\/p>\n\n\n\n<p><strong>22.03.2024 &#8211; Paapan Kapakka, TAMPERE<\/strong><\/p>\n\n\n\n<p><strong>26.04.2024 &#8211; Paapan Kapakka, TAMPERE<\/strong><\/p>\n\n\n\n<p><strong>08.06.2024 &#8211; Yksityistilaisuus, TAMPERE<\/strong><\/p>\n\n\n\n<p><strong>15.06.2024 &#8211; Paapan Kapakka, TAMPERE<\/strong><\/p>\n\n\n\n<p><strong>29.06.2024 &#8211; Pete&#8217;s Pub, KYR\u00d6SKOSKI<\/strong><\/p>\n\n\n\n<p><strong>12.07.2024 &#8211; Paapan Kapakka, TAMPERE<\/strong><\/p>\n\n\n\n<p><strong>13.07.2024 &#8211; Ravintola Jokiranta,  V\u00c4\u00c4KSY<\/strong><\/p>\n\n\n\n<p><strong>27.07.2024 &#8211; RantaBlues, IKAALINEN<\/strong><\/p>\n\n\n\n<p><strong>03.08.2024 &#8211; Paapan Kapakka, TAMPERE<\/strong><\/p>\n\n\n\n<p><strong>09.10.2024 &#8211; Eclipse Jazz Club, Telakka, TAMPERE<\/strong><\/p>\n\n\n\n<p><strong>25.10.2024 &#8211; Paapan Kapakka, TAMPERE<\/strong><\/p>\n\n\n\n<p><strong>10.11.2024 &#8211; Is\u00e4np\u00e4iv\u00e4 Blues, Tapion kyl\u00e4talo  ROVANIEMI<\/strong><\/p>\n\n\n\n<p><strong>29.11.2024 &#8211; Paapan Kapakka, TAMPERE<\/strong><\/p>\n\n\n\n<p><strong>27.12.2024 &#8211; Paapan Kapakka, TAMPERE<\/strong><\/p>\n\n\n\n<p><\/p>\n\n\n\n<p><\/p>\n\n\n\n<p class=\"has-vivid-red-color has-text-color has-medium-font-size\" style=\"font-style:normal;font-weight:600\"><strong>2023<\/strong><\/p>\n\n\n\n<p class=\"has-medium-black-color has-text-color\" style=\"font-size:15px;font-style:normal;font-weight:400\"><strong>3.2.2023 &#8211; Paapan Kapakka, TAMPERE<\/strong><\/p>\n\n\n\n<p class=\"has-medium-black-color has-text-color\" style=\"font-size:15px;font-style:normal;font-weight:400\"><strong>7.4.2023 &#8211; Paapan Kapakka, TAMPERE<\/strong><\/p>\n\n\n\n<p class=\"has-medium-black-color has-text-color\" style=\"font-size:15px;font-style:normal;font-weight:400\"><strong>8.4.2023  &#8211; Pikku Pete, YL\u00d6J\u00c4RVI<\/strong><\/p>\n\n\n\n<p class=\"has-medium-black-color has-text-color\" style=\"font-size:15px;font-style:normal;font-weight:400\"><strong>12.5.2023 &#8211; Yksityistilaisuus, TAMPERE<\/strong><\/p>\n\n\n\n<p class=\"has-medium-black-color has-text-color\" style=\"font-size:15px;font-style:normal;font-weight:400\"><strong>16.6.2023 &#8211; Paapan Kapakka, TAMPERE<\/strong><\/p>\n\n\n\n<p class=\"has-medium-black-color has-text-color\" style=\"font-size:15px;font-style:normal;font-weight:400\"><strong>24.6.2023 &#8211; Se Pieni Bluesfestivaali, ROVANIEMI<\/strong><\/p>\n\n\n\n<p><\/p>\n\n\n\n<p class=\"has-medium-black-color has-text-color\" style=\"font-size:15px;font-style:normal;font-weight:400\"><strong>7.7.2023 &#8211; Kymi Kantri , MYLLYKOSKI<\/strong><\/p>\n\n\n\n<p class=\"has-medium-black-color has-text-color\" style=\"font-size:15px;font-style:normal;font-weight:400\"><strong>8.7.2023 &#8211; Ravintola Jokiranta,  V\u00c4\u00c4KSY<\/strong><\/p>\n\n\n\n<p class=\"has-medium-black-color has-text-color\" style=\"font-size:15px;font-style:normal;font-weight:400\"><strong>10.7.2023 &#8211; Storyville, terassi<\/strong>, <strong>HELSINKI<\/strong><\/p>\n\n\n\n<p class=\"has-medium-black-color has-text-color\" style=\"font-size:15px;font-style:normal;font-weight:400\"><\/p>\n\n\n\n<p class=\"has-medium-black-color has-text-color\" style=\"font-size:15px;font-style:normal;font-weight:400\"><strong>15.7.2023 &#8211; H-DCF International rally,  IKAALINEN<\/strong><\/p>\n\n\n\n<p class=\"has-medium-black-color has-text-color\" style=\"font-size:15px;font-style:normal;font-weight:400\"><strong>28.7.2023 &#8211; Spelit , ILMAJOKI<\/strong><\/p>\n\n\n\n<p class=\"has-medium-black-color has-text-color\" style=\"font-size:15px;font-style:normal;font-weight:400\"><strong>19.8.2023 &#8211; SaariBlues, Viikinsaari , TAMPERE<\/strong><\/p>\n\n\n\n<p class=\"has-medium-black-color has-text-color\" style=\"font-size:15px;font-style:normal;font-weight:400\"><strong>15.9.2023 &#8211; Paapan Kapakka, TAMPERE<\/strong><\/p>\n\n\n\n<p class=\"has-medium-black-color has-text-color\" style=\"font-size:15px;font-style:normal;font-weight:400\"><strong>7.10.2023 &#8211; Yksityistilaisuus, LAHTI<\/strong><\/p>\n\n\n\n<p class=\"has-medium-black-color has-text-color\" style=\"font-size:15px;font-style:normal;font-weight:400\"><strong>18.10 2023 &#8211; Telakka, TAMPERE<\/strong><\/p>\n\n\n\n<p class=\"has-medium-black-color has-text-color\" style=\"font-size:15px;font-style:normal;font-weight:400\"><strong>21.10.2023 &#8211; Paapan Kapakka, TAMPERE<\/strong><\/p>\n\n\n\n<p><strong>10.11.2023 &#8211; Yksityistilaisuus,<\/strong> <strong>ESPOO<\/strong><\/p>\n\n\n\n<p><strong>24.11.2023 &#8211; Yksityistilaisuus, TAMPERE<\/strong><\/p>\n\n\n\n<p><strong>29.12.2023 &#8211; Paapan Kapakka, TAMPERE<\/strong><\/p>\n\n\n\n<p class=\"has-vivid-red-color has-text-color has-medium-font-size\" style=\"font-style:normal;font-weight:600\"><\/p>\n\n\n\n<p><\/p>\n\n\n\n<p><\/p>\n\n\n\n<p><\/p>\n\n\n\n<p><\/p>\n\n\n\n<p><\/p>\n\n\n\n<p><\/p>\n\n\n\n<p><\/p>\n\n\n\n<p><\/p>\n","protected":false},"excerpt":{"rendered":"<p>2026 31.01.2026 &#8211; Paapan Kapakka, TAMPERE 06.02.2026 &#8211; Paapan Kapakka, TAMPERE 13.03.2026 &#8211; Privat Party, TAMPERE 20.03.2026 &#8211; Paapan Kapakka, TAMPERE 05.04.2026 &#8211; Hard Rock House- Sunday Night Music Club, HELSINKI 24.04.2026 &#8211; Paapan Kapakka, TAMPERE 30.04.2026 &#8211; Raudaskoski &amp; Helin Roots! &#8211; Toivolansaari Camping, IKAALINEN 16.05.2026 &#8211; Paapan Kapakka, TAMPERE 06.06.2025 &#8211; Pete&#8217;s Pub, &hellip; <\/p>\n<p class=\"link-more\"><a href=\"https:\/\/www.finnzydeco.fi\/index.php\/keikat\/\" class=\"more-link\">Jatka lukemista<span class=\"screen-reader-text\"> &#8221;KEIKAT&#8221;<\/span><\/a><\/p>\n","protected":false},"author":1,"featured_media":0,"parent":0,"menu_order":0,"comment_status":"closed","ping_status":"closed","template":"","meta":{"footnotes":""},"class_list":["post-102","page","type-page","status-publish","hentry"],"_links":{"self":[{"href":"https:\/\/www.finnzydeco.fi\/index.php\/wp-json\/wp\/v2\/pages\/102","targetHints":{"allow":["GET"]}}],"collection":[{"href":"https:\/\/www.finnzydeco.fi\/index.php\/wp-json\/wp\/v2\/pages"}],"about":[{"href":"https:\/\/www.finnzydeco.fi\/index.php\/wp-json\/wp\/v2\/types\/page"}],"author":[{"embeddable":true,"href":"https:\/\/www.finnzydeco.fi\/index.php\/wp-json\/wp\/v2\/users\/1"}],"replies":[{"embeddable":true,"href":"https:\/\/www.finnzydeco.fi\/index.php\/wp-json\/wp\/v2\/comments?post=102"}],"version-history":[{"count":100,"href":"https:\/\/www.finnzydeco.fi\/index.php\/wp-json\/wp\/v2\/pages\/102\/revisions"}],"predecessor-version":[{"id":447,"href":"https:\/\/www.finnzydeco.fi\/index.php\/wp-json\/wp\/v2\/pages\/102\/revisions\/447"}],"wp:attachment":[{"href":"https:\/\/www.finnzydeco.fi\/index.php\/wp-json\/wp\/v2\/media?parent=102"}],"curies":[{"name":"wp","href":"https:\/\/api.w.org\/{rel}","templated":true}]}}